{"id":6683,"date":"2023-01-09T20:45:59","date_gmt":"2023-01-09T20:45:59","guid":{"rendered":"https:\/\/ipcentras.lt\/?page_id=6683"},"modified":"2023-03-14T20:05:00","modified_gmt":"2023-03-14T20:05:00","slug":"medziagu-rusiavimas","status":"publish","type":"page","link":"https:\/\/ipcentras.lt\/en\/medziagu-rusiavimas\/","title":{"rendered":"Waste sorting systems"},"content":{"rendered":"<div data-elementor-type=\"wp-page\" data-elementor-id=\"6683\" class=\"elementor elementor-6683\">\n\t\t\t\t\t\t<section class=\"elementor-section elementor-top-section elementor-element elementor-element-4824788 elementor-section-full_width elementor-section-stretched elementor-section-height-default elementor-section-height-default\" data-id=\"4824788\" data-element_type=\"section\" data-e-type=\"section\" data-settings=\"{&quot;stretch_section&quot;:&quot;section-stretched&quot;}\">\n\t\t\t\t\t\t<div class=\"elementor-container elementor-column-gap-no\">\n\t\t\t\t\t<div class=\"elementor-column elementor-col-100 elementor-top-column elementor-element elementor-element-353fc13\" data-id=\"353fc13\" data-element_type=\"column\" data-e-type=\"column\">\n\t\t\t<div class=\"elementor-widget-wrap elementor-element-populated\">\n\t\t\t\t\t\t<div class=\"elementor-element elementor-element-70290d6 elementor-hidden-mobile elementor-widget elementor-widget-spacer\" data-id=\"70290d6\" data-element_type=\"widget\" data-e-type=\"widget\" data-widget_type=\"spacer.default\">\n\t\t\t\t<div class=\"elementor-widget-container\">\n\t\t\t\t\t\t\t<div class=\"elementor-spacer\">\n\t\t\t<div class=\"elementor-spacer-inner\"><\/div>\n\t\t<\/div>\n\t\t\t\t\t\t<\/div>\n\t\t\t\t<\/div>\n\t\t\t\t\t<\/div>\n\t\t<\/div>\n\t\t\t\t\t<\/div>\n\t\t<\/section>\n\t\t\t\t<section class=\"elementor-section elementor-top-section elementor-element elementor-element-f1522c2 elementor-section-boxed elementor-section-height-default elementor-section-height-default\" data-id=\"f1522c2\" data-element_type=\"section\" data-e-type=\"section\">\n\t\t\t\t\t\t<div class=\"elementor-container elementor-column-gap-default\">\n\t\t\t\t\t<div class=\"elementor-column elementor-col-50 elementor-top-column elementor-element elementor-element-a3f1e3f\" data-id=\"a3f1e3f\" data-element_type=\"column\" data-e-type=\"column\">\n\t\t\t<div class=\"elementor-widget-wrap elementor-element-populated\">\n\t\t\t\t\t\t<div class=\"elementor-element elementor-element-af907e2 elementor-widget elementor-widget-heading\" data-id=\"af907e2\" data-element_type=\"widget\" data-e-type=\"widget\" data-widget_type=\"heading.default\">\n\t\t\t\t<div class=\"elementor-widget-container\">\n\t\t\t\t\t<h1 class=\"elementor-heading-title elementor-size-default\">Waste sorting systems<\/h1>\t\t\t\t<\/div>\n\t\t\t\t<\/div>\n\t\t\t\t\t<\/div>\n\t\t<\/div>\n\t\t\t\t<div class=\"elementor-column elementor-col-50 elementor-top-column elementor-element elementor-element-4a39823\" data-id=\"4a39823\" data-element_type=\"column\" data-e-type=\"column\">\n\t\t\t<div class=\"elementor-widget-wrap elementor-element-populated\">\n\t\t\t\t\t\t<div class=\"elementor-element elementor-element-4e3c759 elementor-widget elementor-widget-text-editor\" data-id=\"4e3c759\" data-element_type=\"widget\" data-e-type=\"widget\" data-widget_type=\"text-editor.default\">\n\t\t\t\t<div class=\"elementor-widget-container\">\n\t\t\t\t\t\t\t\t\t<p><a href=\"\/en\/?page_id=3755\">Products<\/a> \/ Med\u017eiag\u0173 r\u016b\u0161iavimas<\/p>\t\t\t\t\t\t\t\t<\/div>\n\t\t\t\t<\/div>\n\t\t\t\t\t<\/div>\n\t\t<\/div>\n\t\t\t\t\t<\/div>\n\t\t<\/section>\n\t\t\t\t<section class=\"elementor-section elementor-top-section elementor-element elementor-element-12c6954 elementor-section-boxed elementor-section-height-default elementor-section-height-default\" data-id=\"12c6954\" data-element_type=\"section\" data-e-type=\"section\">\n\t\t\t\t\t\t<div class=\"elementor-container elementor-column-gap-default\">\n\t\t\t\t\t<div class=\"elementor-column elementor-col-100 elementor-top-column elementor-element elementor-element-c068330\" data-id=\"c068330\" data-element_type=\"column\" data-e-type=\"column\">\n\t\t\t<div class=\"elementor-widget-wrap elementor-element-populated\">\n\t\t\t\t\t\t<div class=\"elementor-element elementor-element-7ec5255 elementor-hidden-mobile elementor-widget elementor-widget-spacer\" data-id=\"7ec5255\" data-element_type=\"widget\" data-e-type=\"widget\" data-widget_type=\"spacer.default\">\n\t\t\t\t<div class=\"elementor-widget-container\">\n\t\t\t\t\t\t\t<div class=\"elementor-spacer\">\n\t\t\t<div class=\"elementor-spacer-inner\"><\/div>\n\t\t<\/div>\n\t\t\t\t\t\t<\/div>\n\t\t\t\t<\/div>\n\t\t\t\t\t<\/div>\n\t\t<\/div>\n\t\t\t\t\t<\/div>\n\t\t<\/section>\n\t\t\t\t<section class=\"elementor-section elementor-top-section elementor-element elementor-element-b010452 elementor-section-boxed elementor-section-height-default elementor-section-height-default\" data-id=\"b010452\" data-element_type=\"section\" data-e-type=\"section\">\n\t\t\t\t\t\t<div class=\"elementor-container elementor-column-gap-default\">\n\t\t\t\t\t<div class=\"elementor-column elementor-col-33 elementor-top-column elementor-element elementor-element-0b25774\" data-id=\"0b25774\" data-element_type=\"column\" data-e-type=\"column\">\n\t\t\t<div class=\"elementor-widget-wrap elementor-element-populated\">\n\t\t\t\t\t\t<div class=\"elementor-element elementor-element-c37016f elementor-widget elementor-widget-image\" data-id=\"c37016f\" data-element_type=\"widget\" data-e-type=\"widget\" data-widget_type=\"image.default\">\n\t\t\t\t<div class=\"elementor-widget-container\">\n\t\t\t\t\t\t\t\t\t\t\t\t\t\t\t\t<a href=\"https:\/\/ipcentras.lt\/en\/diskiniai-rusiavimo-sietai\/\">\n\t\t\t\t\t\t\t<img fetchpriority=\"high\" decoding=\"async\" width=\"800\" height=\"600\" src=\"https:\/\/ipcentras.lt\/wp-content\/uploads\/2023\/01\/10.1.-Diskiniai-rusiavimo-sietai.jpg\" class=\"attachment-large size-large wp-image-6573\" alt=\"\" srcset=\"https:\/\/ipcentras.lt\/wp-content\/uploads\/2023\/01\/10.1.-Diskiniai-rusiavimo-sietai.jpg 800w, https:\/\/ipcentras.lt\/wp-content\/uploads\/2023\/01\/10.1.-Diskiniai-rusiavimo-sietai-300x225.jpg 300w, https:\/\/ipcentras.lt\/wp-content\/uploads\/2023\/01\/10.1.-Diskiniai-rusiavimo-sietai-768x576.jpg 768w, https:\/\/ipcentras.lt\/wp-content\/uploads\/2023\/01\/10.1.-Diskiniai-rusiavimo-sietai-16x12.jpg 16w\" sizes=\"(max-width: 800px) 100vw, 800px\" \/>\t\t\t\t\t\t\t\t<\/a>\n\t\t\t\t\t\t\t\t\t\t\t\t\t\t\t<\/div>\n\t\t\t\t<\/div>\n\t\t\t\t<div class=\"elementor-element elementor-element-f4ac227 elementor-widget elementor-widget-heading\" data-id=\"f4ac227\" data-element_type=\"widget\" data-e-type=\"widget\" data-widget_type=\"heading.default\">\n\t\t\t\t<div class=\"elementor-widget-container\">\n\t\t\t\t\t<h2 class=\"elementor-heading-title elementor-size-default\"><a href=\"https:\/\/ipcentras.lt\/en\/diskiniai-rusiavimo-sietai\/\">Disc screens<\/a><\/h2>\t\t\t\t<\/div>\n\t\t\t\t<\/div>\n\t\t\t\t<div class=\"elementor-element elementor-element-1cd1586 elementor-hidden-desktop elementor-hidden-tablet elementor-widget-divider--view-line elementor-widget elementor-widget-divider\" data-id=\"1cd1586\" data-element_type=\"widget\" data-e-type=\"widget\" data-widget_type=\"divider.default\">\n\t\t\t\t<div class=\"elementor-widget-container\">\n\t\t\t\t\t\t\t<div class=\"elementor-divider\">\n\t\t\t<span class=\"elementor-divider-separator\">\n\t\t\t\t\t\t<\/span>\n\t\t<\/div>\n\t\t\t\t\t\t<\/div>\n\t\t\t\t<\/div>\n\t\t\t\t\t<\/div>\n\t\t<\/div>\n\t\t\t\t<div class=\"elementor-column elementor-col-33 elementor-top-column elementor-element elementor-element-9d97a35\" data-id=\"9d97a35\" data-element_type=\"column\" data-e-type=\"column\">\n\t\t\t<div class=\"elementor-widget-wrap elementor-element-populated\">\n\t\t\t\t\t\t<div class=\"elementor-element elementor-element-81efcfd elementor-widget elementor-widget-image\" data-id=\"81efcfd\" data-element_type=\"widget\" data-e-type=\"widget\" data-widget_type=\"image.default\">\n\t\t\t\t<div class=\"elementor-widget-container\">\n\t\t\t\t\t\t\t\t\t\t\t\t\t\t\t\t<a href=\"https:\/\/ipcentras.lt\/en\/bugniniai-rusiavimo-sietai\/\">\n\t\t\t\t\t\t\t<img decoding=\"async\" width=\"800\" height=\"600\" src=\"https:\/\/ipcentras.lt\/wp-content\/uploads\/2023\/01\/10.2.-Bugniniai-rusiavimo-sietai.jpg\" class=\"attachment-large size-large wp-image-6565\" alt=\"\" srcset=\"https:\/\/ipcentras.lt\/wp-content\/uploads\/2023\/01\/10.2.-Bugniniai-rusiavimo-sietai.jpg 800w, https:\/\/ipcentras.lt\/wp-content\/uploads\/2023\/01\/10.2.-Bugniniai-rusiavimo-sietai-300x225.jpg 300w, https:\/\/ipcentras.lt\/wp-content\/uploads\/2023\/01\/10.2.-Bugniniai-rusiavimo-sietai-768x576.jpg 768w, https:\/\/ipcentras.lt\/wp-content\/uploads\/2023\/01\/10.2.-Bugniniai-rusiavimo-sietai-16x12.jpg 16w\" sizes=\"(max-width: 800px) 100vw, 800px\" \/>\t\t\t\t\t\t\t\t<\/a>\n\t\t\t\t\t\t\t\t\t\t\t\t\t\t\t<\/div>\n\t\t\t\t<\/div>\n\t\t\t\t<div class=\"elementor-element elementor-element-a722cb7 elementor-widget elementor-widget-heading\" data-id=\"a722cb7\" data-element_type=\"widget\" data-e-type=\"widget\" data-widget_type=\"heading.default\">\n\t\t\t\t<div class=\"elementor-widget-container\">\n\t\t\t\t\t<h2 class=\"elementor-heading-title elementor-size-default\"><a href=\"https:\/\/ipcentras.lt\/en\/bugniniai-rusiavimo-sietai\/\">Drum screens<\/a><\/h2>\t\t\t\t<\/div>\n\t\t\t\t<\/div>\n\t\t\t\t<div class=\"elementor-element elementor-element-4a697b0 elementor-hidden-desktop elementor-hidden-tablet elementor-widget-divider--view-line elementor-widget elementor-widget-divider\" data-id=\"4a697b0\" data-element_type=\"widget\" data-e-type=\"widget\" data-widget_type=\"divider.default\">\n\t\t\t\t<div class=\"elementor-widget-container\">\n\t\t\t\t\t\t\t<div class=\"elementor-divider\">\n\t\t\t<span class=\"elementor-divider-separator\">\n\t\t\t\t\t\t<\/span>\n\t\t<\/div>\n\t\t\t\t\t\t<\/div>\n\t\t\t\t<\/div>\n\t\t\t\t\t<\/div>\n\t\t<\/div>\n\t\t\t\t<div class=\"elementor-column elementor-col-33 elementor-top-column elementor-element elementor-element-ba8c673\" data-id=\"ba8c673\" data-element_type=\"column\" data-e-type=\"column\">\n\t\t\t<div class=\"elementor-widget-wrap elementor-element-populated\">\n\t\t\t\t\t\t<div class=\"elementor-element elementor-element-52f45a9 elementor-widget elementor-widget-image\" data-id=\"52f45a9\" data-element_type=\"widget\" data-e-type=\"widget\" data-widget_type=\"image.default\">\n\t\t\t\t<div class=\"elementor-widget-container\">\n\t\t\t\t\t\t\t\t\t\t\t\t\t\t\t\t<a href=\"https:\/\/ipcentras.lt\/en\/vibraciniai-rusiavimo-sietai\/\">\n\t\t\t\t\t\t\t<img decoding=\"async\" width=\"800\" height=\"600\" src=\"https:\/\/ipcentras.lt\/wp-content\/uploads\/2023\/01\/10.3.-Vibraciniai-rusiavimo-siet.jpg\" class=\"attachment-large size-large wp-image-6574\" alt=\"\" srcset=\"https:\/\/ipcentras.lt\/wp-content\/uploads\/2023\/01\/10.3.-Vibraciniai-rusiavimo-siet.jpg 800w, https:\/\/ipcentras.lt\/wp-content\/uploads\/2023\/01\/10.3.-Vibraciniai-rusiavimo-siet-300x225.jpg 300w, https:\/\/ipcentras.lt\/wp-content\/uploads\/2023\/01\/10.3.-Vibraciniai-rusiavimo-siet-768x576.jpg 768w, https:\/\/ipcentras.lt\/wp-content\/uploads\/2023\/01\/10.3.-Vibraciniai-rusiavimo-siet-16x12.jpg 16w\" sizes=\"(max-width: 800px) 100vw, 800px\" \/>\t\t\t\t\t\t\t\t<\/a>\n\t\t\t\t\t\t\t\t\t\t\t\t\t\t\t<\/div>\n\t\t\t\t<\/div>\n\t\t\t\t<div class=\"elementor-element elementor-element-2fca698 elementor-widget elementor-widget-heading\" data-id=\"2fca698\" data-element_type=\"widget\" data-e-type=\"widget\" data-widget_type=\"heading.default\">\n\t\t\t\t<div class=\"elementor-widget-container\">\n\t\t\t\t\t<h2 class=\"elementor-heading-title elementor-size-default\"><a href=\"https:\/\/ipcentras.lt\/en\/vibraciniai-rusiavimo-sietai\/\">Oscillating screens<\/a><\/h2>\t\t\t\t<\/div>\n\t\t\t\t<\/div>\n\t\t\t\t<div class=\"elementor-element elementor-element-a9e9093 elementor-hidden-desktop elementor-hidden-tablet elementor-widget-divider--view-line elementor-widget elementor-widget-divider\" data-id=\"a9e9093\" data-element_type=\"widget\" data-e-type=\"widget\" data-widget_type=\"divider.default\">\n\t\t\t\t<div class=\"elementor-widget-container\">\n\t\t\t\t\t\t\t<div class=\"elementor-divider\">\n\t\t\t<span class=\"elementor-divider-separator\">\n\t\t\t\t\t\t<\/span>\n\t\t<\/div>\n\t\t\t\t\t\t<\/div>\n\t\t\t\t<\/div>\n\t\t\t\t\t<\/div>\n\t\t<\/div>\n\t\t\t\t\t<\/div>\n\t\t<\/section>\n\t\t\t\t<section class=\"elementor-section elementor-top-section elementor-element elementor-element-d28716d elementor-section-boxed elementor-section-height-default elementor-section-height-default\" data-id=\"d28716d\" data-element_type=\"section\" data-e-type=\"section\">\n\t\t\t\t\t\t<div class=\"elementor-container elementor-column-gap-default\">\n\t\t\t\t\t<div class=\"elementor-column elementor-col-33 elementor-top-column elementor-element elementor-element-c8096b1\" data-id=\"c8096b1\" data-element_type=\"column\" data-e-type=\"column\">\n\t\t\t<div class=\"elementor-widget-wrap elementor-element-populated\">\n\t\t\t\t\t\t<div class=\"elementor-element elementor-element-b0880f5 elementor-widget elementor-widget-image\" data-id=\"b0880f5\" data-element_type=\"widget\" data-e-type=\"widget\" data-widget_type=\"image.default\">\n\t\t\t\t<div class=\"elementor-widget-container\">\n\t\t\t\t\t\t\t\t\t\t\t\t\t\t\t\t<a href=\"https:\/\/ipcentras.lt\/en\/popieriaus-atskirtuvai-oro-sistemose\/\">\n\t\t\t\t\t\t\t<img loading=\"lazy\" decoding=\"async\" width=\"800\" height=\"600\" src=\"https:\/\/ipcentras.lt\/wp-content\/uploads\/2023\/01\/10.4.-Popieriaus-atskirtuvai-pne.jpg\" class=\"attachment-large size-large wp-image-6589\" alt=\"\" srcset=\"https:\/\/ipcentras.lt\/wp-content\/uploads\/2023\/01\/10.4.-Popieriaus-atskirtuvai-pne.jpg 800w, https:\/\/ipcentras.lt\/wp-content\/uploads\/2023\/01\/10.4.-Popieriaus-atskirtuvai-pne-300x225.jpg 300w, https:\/\/ipcentras.lt\/wp-content\/uploads\/2023\/01\/10.4.-Popieriaus-atskirtuvai-pne-768x576.jpg 768w, https:\/\/ipcentras.lt\/wp-content\/uploads\/2023\/01\/10.4.-Popieriaus-atskirtuvai-pne-16x12.jpg 16w\" sizes=\"(max-width: 800px) 100vw, 800px\" \/>\t\t\t\t\t\t\t\t<\/a>\n\t\t\t\t\t\t\t\t\t\t\t\t\t\t\t<\/div>\n\t\t\t\t<\/div>\n\t\t\t\t<div class=\"elementor-element elementor-element-6efc482 elementor-widget elementor-widget-heading\" data-id=\"6efc482\" data-element_type=\"widget\" data-e-type=\"widget\" data-widget_type=\"heading.default\">\n\t\t\t\t<div class=\"elementor-widget-container\">\n\t\t\t\t\t<h2 class=\"elementor-heading-title elementor-size-default\"><a href=\"https:\/\/ipcentras.lt\/en\/popieriaus-atskirtuvai-oro-sistemose\/\">Paper separators in air systems<\/a><\/h2>\t\t\t\t<\/div>\n\t\t\t\t<\/div>\n\t\t\t\t<div class=\"elementor-element elementor-element-f294364 elementor-hidden-desktop elementor-hidden-tablet elementor-widget-divider--view-line elementor-widget elementor-widget-divider\" data-id=\"f294364\" data-element_type=\"widget\" data-e-type=\"widget\" data-widget_type=\"divider.default\">\n\t\t\t\t<div class=\"elementor-widget-container\">\n\t\t\t\t\t\t\t<div class=\"elementor-divider\">\n\t\t\t<span class=\"elementor-divider-separator\">\n\t\t\t\t\t\t<\/span>\n\t\t<\/div>\n\t\t\t\t\t\t<\/div>\n\t\t\t\t<\/div>\n\t\t\t\t\t<\/div>\n\t\t<\/div>\n\t\t\t\t<div class=\"elementor-column elementor-col-33 elementor-top-column elementor-element elementor-element-abf998e\" data-id=\"abf998e\" data-element_type=\"column\" data-e-type=\"column\">\n\t\t\t<div class=\"elementor-widget-wrap elementor-element-populated\">\n\t\t\t\t\t\t<div class=\"elementor-element elementor-element-dabeba3 elementor-widget elementor-widget-image\" data-id=\"dabeba3\" data-element_type=\"widget\" data-e-type=\"widget\" data-widget_type=\"image.default\">\n\t\t\t\t<div class=\"elementor-widget-container\">\n\t\t\t\t\t\t\t\t\t\t\t\t\t\t\t\t<a href=\"https:\/\/ipcentras.lt\/en\/plastiko-folijos-atskirtuvai-oro-sistemose\/\">\n\t\t\t\t\t\t\t<img loading=\"lazy\" decoding=\"async\" width=\"800\" height=\"600\" src=\"https:\/\/ipcentras.lt\/wp-content\/uploads\/2023\/01\/10.5.-Plastiko-folijos-atskirtuv.jpg\" class=\"attachment-large size-large wp-image-6603\" alt=\"\" srcset=\"https:\/\/ipcentras.lt\/wp-content\/uploads\/2023\/01\/10.5.-Plastiko-folijos-atskirtuv.jpg 800w, https:\/\/ipcentras.lt\/wp-content\/uploads\/2023\/01\/10.5.-Plastiko-folijos-atskirtuv-300x225.jpg 300w, https:\/\/ipcentras.lt\/wp-content\/uploads\/2023\/01\/10.5.-Plastiko-folijos-atskirtuv-768x576.jpg 768w, https:\/\/ipcentras.lt\/wp-content\/uploads\/2023\/01\/10.5.-Plastiko-folijos-atskirtuv-16x12.jpg 16w\" sizes=\"(max-width: 800px) 100vw, 800px\" \/>\t\t\t\t\t\t\t\t<\/a>\n\t\t\t\t\t\t\t\t\t\t\t\t\t\t\t<\/div>\n\t\t\t\t<\/div>\n\t\t\t\t<div class=\"elementor-element elementor-element-aa9325b elementor-widget elementor-widget-heading\" data-id=\"aa9325b\" data-element_type=\"widget\" data-e-type=\"widget\" data-widget_type=\"heading.default\">\n\t\t\t\t<div class=\"elementor-widget-container\">\n\t\t\t\t\t<h2 class=\"elementor-heading-title elementor-size-default\"><a href=\"https:\/\/ipcentras.lt\/en\/plastiko-folijos-atskirtuvai-oro-sistemose\/\">Plastic foil separators in air systems<\/a><\/h2>\t\t\t\t<\/div>\n\t\t\t\t<\/div>\n\t\t\t\t<div class=\"elementor-element elementor-element-181d12b elementor-hidden-desktop elementor-hidden-tablet elementor-widget-divider--view-line elementor-widget elementor-widget-divider\" data-id=\"181d12b\" data-element_type=\"widget\" data-e-type=\"widget\" data-widget_type=\"divider.default\">\n\t\t\t\t<div class=\"elementor-widget-container\">\n\t\t\t\t\t\t\t<div class=\"elementor-divider\">\n\t\t\t<span class=\"elementor-divider-separator\">\n\t\t\t\t\t\t<\/span>\n\t\t<\/div>\n\t\t\t\t\t\t<\/div>\n\t\t\t\t<\/div>\n\t\t\t\t\t<\/div>\n\t\t<\/div>\n\t\t\t\t<div class=\"elementor-column elementor-col-33 elementor-top-column elementor-element elementor-element-b707d98\" data-id=\"b707d98\" data-element_type=\"column\" data-e-type=\"column\">\n\t\t\t<div class=\"elementor-widget-wrap elementor-element-populated\">\n\t\t\t\t\t\t<div class=\"elementor-element elementor-element-c4ddffb elementor-widget elementor-widget-image\" data-id=\"c4ddffb\" data-element_type=\"widget\" data-e-type=\"widget\" data-widget_type=\"image.default\">\n\t\t\t\t<div class=\"elementor-widget-container\">\n\t\t\t\t\t\t\t\t\t\t\t\t\t\t\t\t<a href=\"https:\/\/ipcentras.lt\/en\/atskirtuvai-atlieku-rusiavimo-sistemose\/\">\n\t\t\t\t\t\t\t<img loading=\"lazy\" decoding=\"async\" width=\"800\" height=\"600\" src=\"https:\/\/ipcentras.lt\/wp-content\/uploads\/2023\/01\/10.6.-Medziagu-atskirtuvai-atlie.jpg\" class=\"attachment-large size-large wp-image-6564\" alt=\"\" srcset=\"https:\/\/ipcentras.lt\/wp-content\/uploads\/2023\/01\/10.6.-Medziagu-atskirtuvai-atlie.jpg 800w, https:\/\/ipcentras.lt\/wp-content\/uploads\/2023\/01\/10.6.-Medziagu-atskirtuvai-atlie-300x225.jpg 300w, https:\/\/ipcentras.lt\/wp-content\/uploads\/2023\/01\/10.6.-Medziagu-atskirtuvai-atlie-768x576.jpg 768w, https:\/\/ipcentras.lt\/wp-content\/uploads\/2023\/01\/10.6.-Medziagu-atskirtuvai-atlie-16x12.jpg 16w\" sizes=\"(max-width: 800px) 100vw, 800px\" \/>\t\t\t\t\t\t\t\t<\/a>\n\t\t\t\t\t\t\t\t\t\t\t\t\t\t\t<\/div>\n\t\t\t\t<\/div>\n\t\t\t\t<div class=\"elementor-element elementor-element-cc54eb7 elementor-widget elementor-widget-heading\" data-id=\"cc54eb7\" data-element_type=\"widget\" data-e-type=\"widget\" data-widget_type=\"heading.default\">\n\t\t\t\t<div class=\"elementor-widget-container\">\n\t\t\t\t\t<h2 class=\"elementor-heading-title elementor-size-default\"><a href=\"https:\/\/ipcentras.lt\/en\/atskirtuvai-atlieku-rusiavimo-sistemose\/\">Separators in waste sorting systems<\/a><\/h2>\t\t\t\t<\/div>\n\t\t\t\t<\/div>\n\t\t\t\t<div class=\"elementor-element elementor-element-dbb12aa elementor-hidden-desktop elementor-hidden-tablet elementor-widget-divider--view-line elementor-widget elementor-widget-divider\" data-id=\"dbb12aa\" data-element_type=\"widget\" data-e-type=\"widget\" data-widget_type=\"divider.default\">\n\t\t\t\t<div class=\"elementor-widget-container\">\n\t\t\t\t\t\t\t<div class=\"elementor-divider\">\n\t\t\t<span class=\"elementor-divider-separator\">\n\t\t\t\t\t\t<\/span>\n\t\t<\/div>\n\t\t\t\t\t\t<\/div>\n\t\t\t\t<\/div>\n\t\t\t\t\t<\/div>\n\t\t<\/div>\n\t\t\t\t\t<\/div>\n\t\t<\/section>\n\t\t\t\t<section class=\"elementor-section elementor-top-section elementor-element elementor-element-872468c elementor-section-boxed elementor-section-height-default elementor-section-height-default\" data-id=\"872468c\" data-element_type=\"section\" data-e-type=\"section\">\n\t\t\t\t\t\t<div class=\"elementor-container elementor-column-gap-default\">\n\t\t\t\t\t<div class=\"elementor-column elementor-col-100 elementor-top-column elementor-element elementor-element-1103dc4\" data-id=\"1103dc4\" data-element_type=\"column\" data-e-type=\"column\">\n\t\t\t<div class=\"elementor-widget-wrap elementor-element-populated\">\n\t\t\t\t\t\t<div class=\"elementor-element elementor-element-bcce8a5 elementor-widget elementor-widget-spacer\" data-id=\"bcce8a5\" data-element_type=\"widget\" data-e-type=\"widget\" data-widget_type=\"spacer.default\">\n\t\t\t\t<div class=\"elementor-widget-container\">\n\t\t\t\t\t\t\t<div class=\"elementor-spacer\">\n\t\t\t<div class=\"elementor-spacer-inner\"><\/div>\n\t\t<\/div>\n\t\t\t\t\t\t<\/div>\n\t\t\t\t<\/div>\n\t\t\t\t\t<\/div>\n\t\t<\/div>\n\t\t\t\t\t<\/div>\n\t\t<\/section>\n\t\t\t\t<\/div>","protected":false},"excerpt":{"rendered":"<p>Med\u017eiag\u0173 r\u016b\u0161iavimas Produktai \/ Med\u017eiag\u0173 r\u016b\u0161iavimas Diskiniai r\u016b\u0161iavimo sietai B\u016bgniniai r\u016b\u0161iavimo sietai Vibraciniai r\u016b\u0161iavimo sietai Popieriaus atskirtuvai oro sistemose Plastiko folijos atskirtuvai oro sistemose Atskirtuvai atliek\u0173 r\u016b\u0161iavimo sistemose<\/p>","protected":false},"author":1,"featured_media":0,"parent":0,"menu_order":0,"comment_status":"closed","ping_status":"closed","template":"","meta":{"om_disable_all_campaigns":false,"_monsterinsights_skip_tracking":false,"_monsterinsights_sitenote_active":false,"_monsterinsights_sitenote_note":"","_monsterinsights_sitenote_category":0,"_uf_show_specific_survey":0,"_uf_disable_surveys":false,"footnotes":""},"class_list":["post-6683","page","type-page","status-publish","hentry"],"_links":{"self":[{"href":"https:\/\/ipcentras.lt\/en\/wp-json\/wp\/v2\/pages\/6683","targetHints":{"allow":["GET"]}}],"collection":[{"href":"https:\/\/ipcentras.lt\/en\/wp-json\/wp\/v2\/pages"}],"about":[{"href":"https:\/\/ipcentras.lt\/en\/wp-json\/wp\/v2\/types\/page"}],"author":[{"embeddable":true,"href":"https:\/\/ipcentras.lt\/en\/wp-json\/wp\/v2\/users\/1"}],"replies":[{"embeddable":true,"href":"https:\/\/ipcentras.lt\/en\/wp-json\/wp\/v2\/comments?post=6683"}],"version-history":[{"count":56,"href":"https:\/\/ipcentras.lt\/en\/wp-json\/wp\/v2\/pages\/6683\/revisions"}],"predecessor-version":[{"id":13191,"href":"https:\/\/ipcentras.lt\/en\/wp-json\/wp\/v2\/pages\/6683\/revisions\/13191"}],"wp:attachment":[{"href":"https:\/\/ipcentras.lt\/en\/wp-json\/wp\/v2\/media?parent=6683"}],"curies":[{"name":"wp","href":"https:\/\/api.w.org\/{rel}","templated":true}]}}