{"id":5497,"date":"2022-12-28T14:52:18","date_gmt":"2022-12-28T14:52:18","guid":{"rendered":"https:\/\/ipcentras.lt\/?page_id=5497"},"modified":"2025-01-14T11:24:15","modified_gmt":"2025-01-14T11:24:15","slug":"kibirksciu-aptikimo-ir-gesinimo-sistemos","status":"publish","type":"page","link":"https:\/\/ipcentras.lt\/en\/kibirksciu-aptikimo-ir-gesinimo-sistemos\/","title":{"rendered":"Fire and explosion protection solutions"},"content":{"rendered":"<div data-elementor-type=\"wp-page\" data-elementor-id=\"5497\" class=\"elementor elementor-5497\">\n\t\t\t\t\t\t<section class=\"elementor-section elementor-top-section elementor-element elementor-element-4824788 elementor-section-full_width elementor-section-stretched elementor-section-height-default elementor-section-height-default\" data-id=\"4824788\" data-element_type=\"section\" data-e-type=\"section\" data-settings=\"{&quot;stretch_section&quot;:&quot;section-stretched&quot;}\">\n\t\t\t\t\t\t<div class=\"elementor-container elementor-column-gap-no\">\n\t\t\t\t\t<div class=\"elementor-column elementor-col-100 elementor-top-column elementor-element elementor-element-353fc13\" data-id=\"353fc13\" data-element_type=\"column\" data-e-type=\"column\">\n\t\t\t<div class=\"elementor-widget-wrap elementor-element-populated\">\n\t\t\t\t\t\t<div class=\"elementor-element elementor-element-70290d6 elementor-hidden-mobile elementor-widget elementor-widget-spacer\" data-id=\"70290d6\" data-element_type=\"widget\" data-e-type=\"widget\" data-widget_type=\"spacer.default\">\n\t\t\t\t<div class=\"elementor-widget-container\">\n\t\t\t\t\t\t\t<div class=\"elementor-spacer\">\n\t\t\t<div class=\"elementor-spacer-inner\"><\/div>\n\t\t<\/div>\n\t\t\t\t\t\t<\/div>\n\t\t\t\t<\/div>\n\t\t\t\t\t<\/div>\n\t\t<\/div>\n\t\t\t\t\t<\/div>\n\t\t<\/section>\n\t\t\t\t<section class=\"elementor-section elementor-top-section elementor-element elementor-element-f1522c2 elementor-section-boxed elementor-section-height-default elementor-section-height-default\" data-id=\"f1522c2\" data-element_type=\"section\" data-e-type=\"section\">\n\t\t\t\t\t\t<div class=\"elementor-container elementor-column-gap-default\">\n\t\t\t\t\t<div class=\"elementor-column elementor-col-50 elementor-top-column elementor-element elementor-element-a3f1e3f\" data-id=\"a3f1e3f\" data-element_type=\"column\" data-e-type=\"column\">\n\t\t\t<div class=\"elementor-widget-wrap elementor-element-populated\">\n\t\t\t\t\t\t<div class=\"elementor-element elementor-element-af907e2 elementor-widget elementor-widget-heading\" data-id=\"af907e2\" data-element_type=\"widget\" data-e-type=\"widget\" data-widget_type=\"heading.default\">\n\t\t\t\t<div class=\"elementor-widget-container\">\n\t\t\t\t\t<h1 class=\"elementor-heading-title elementor-size-default\"><a href=\"https:\/\/ipcentras.lt\/en\/kibirksciu-aptikimo-ir-gesinimo-sistemos\/\">Fire and explosion protection solutions\n<\/a><\/h1>\t\t\t\t<\/div>\n\t\t\t\t<\/div>\n\t\t\t\t\t<\/div>\n\t\t<\/div>\n\t\t\t\t<div class=\"elementor-column elementor-col-50 elementor-top-column elementor-element elementor-element-4a39823\" data-id=\"4a39823\" data-element_type=\"column\" data-e-type=\"column\">\n\t\t\t<div class=\"elementor-widget-wrap elementor-element-populated\">\n\t\t\t\t\t\t<div class=\"elementor-element elementor-element-4e3c759 elementor-widget elementor-widget-text-editor\" data-id=\"4e3c759\" data-element_type=\"widget\" data-e-type=\"widget\" data-widget_type=\"text-editor.default\">\n\t\t\t\t<div class=\"elementor-widget-container\">\n\t\t\t\t\t\t\t\t\t<p><a href=\"\/en\/?page_id=3755\">Products<\/a> Fire and explosion protection solutions<\/p><p>\u00a0<\/p>\t\t\t\t\t\t\t\t<\/div>\n\t\t\t\t<\/div>\n\t\t\t\t\t<\/div>\n\t\t<\/div>\n\t\t\t\t\t<\/div>\n\t\t<\/section>\n\t\t\t\t<section class=\"elementor-section elementor-top-section elementor-element elementor-element-12c6954 elementor-section-boxed elementor-section-height-default elementor-section-height-default\" data-id=\"12c6954\" data-element_type=\"section\" data-e-type=\"section\">\n\t\t\t\t\t\t<div class=\"elementor-container elementor-column-gap-default\">\n\t\t\t\t\t<div class=\"elementor-column elementor-col-100 elementor-top-column elementor-element elementor-element-c068330\" data-id=\"c068330\" data-element_type=\"column\" data-e-type=\"column\">\n\t\t\t<div class=\"elementor-widget-wrap elementor-element-populated\">\n\t\t\t\t\t\t<div class=\"elementor-element elementor-element-7ec5255 elementor-hidden-mobile elementor-widget elementor-widget-spacer\" data-id=\"7ec5255\" data-element_type=\"widget\" data-e-type=\"widget\" data-widget_type=\"spacer.default\">\n\t\t\t\t<div class=\"elementor-widget-container\">\n\t\t\t\t\t\t\t<div class=\"elementor-spacer\">\n\t\t\t<div class=\"elementor-spacer-inner\"><\/div>\n\t\t<\/div>\n\t\t\t\t\t\t<\/div>\n\t\t\t\t<\/div>\n\t\t\t\t\t<\/div>\n\t\t<\/div>\n\t\t\t\t\t<\/div>\n\t\t<\/section>\n\t\t\t\t<section class=\"elementor-section elementor-top-section elementor-element elementor-element-b010452 elementor-section-boxed elementor-section-height-default elementor-section-height-default\" data-id=\"b010452\" data-element_type=\"section\" data-e-type=\"section\">\n\t\t\t\t\t\t<div class=\"elementor-container elementor-column-gap-default\">\n\t\t\t\t\t<div class=\"elementor-column elementor-col-33 elementor-top-column elementor-element elementor-element-0b25774\" data-id=\"0b25774\" data-element_type=\"column\" data-e-type=\"column\">\n\t\t\t<div class=\"elementor-widget-wrap elementor-element-populated\">\n\t\t\t\t\t\t<div class=\"elementor-element elementor-element-c37016f elementor-widget elementor-widget-image\" data-id=\"c37016f\" data-element_type=\"widget\" data-e-type=\"widget\" data-widget_type=\"image.default\">\n\t\t\t\t<div class=\"elementor-widget-container\">\n\t\t\t\t\t\t\t\t\t\t\t\t\t\t\t\t<a href=\"https:\/\/ipcentras.lt\/en\/kibirksciu-gesinimo-sistema\/\">\n\t\t\t\t\t\t\t<img fetchpriority=\"high\" decoding=\"async\" width=\"1024\" height=\"723\" src=\"https:\/\/ipcentras.lt\/wp-content\/uploads\/2022\/12\/3.1.-Kibirksciu-gesinimo-sistemos-1024x723.png\" class=\"attachment-large size-large wp-image-5325\" alt=\"\" srcset=\"https:\/\/ipcentras.lt\/wp-content\/uploads\/2022\/12\/3.1.-Kibirksciu-gesinimo-sistemos-1024x723.png 1024w, https:\/\/ipcentras.lt\/wp-content\/uploads\/2022\/12\/3.1.-Kibirksciu-gesinimo-sistemos-300x212.png 300w, https:\/\/ipcentras.lt\/wp-content\/uploads\/2022\/12\/3.1.-Kibirksciu-gesinimo-sistemos-768x542.png 768w, https:\/\/ipcentras.lt\/wp-content\/uploads\/2022\/12\/3.1.-Kibirksciu-gesinimo-sistemos-1536x1084.png 1536w, https:\/\/ipcentras.lt\/wp-content\/uploads\/2022\/12\/3.1.-Kibirksciu-gesinimo-sistemos-18x12.png 18w\" sizes=\"(max-width: 1024px) 100vw, 1024px\" \/>\t\t\t\t\t\t\t\t<\/a>\n\t\t\t\t\t\t\t\t\t\t\t\t\t\t\t<\/div>\n\t\t\t\t<\/div>\n\t\t\t\t<div class=\"elementor-element elementor-element-f4ac227 elementor-widget elementor-widget-heading\" data-id=\"f4ac227\" data-element_type=\"widget\" data-e-type=\"widget\" data-widget_type=\"heading.default\">\n\t\t\t\t<div class=\"elementor-widget-container\">\n\t\t\t\t\t<h2 class=\"elementor-heading-title elementor-size-default\"><a href=\"https:\/\/ipcentras.lt\/en\/kibirksciu-gesinimo-sistema\/\">Spark extinguishing systems\n<\/a><\/h2>\t\t\t\t<\/div>\n\t\t\t\t<\/div>\n\t\t\t\t<div class=\"elementor-element elementor-element-4a697b0 elementor-hidden-desktop elementor-hidden-tablet elementor-widget-divider--view-line elementor-widget elementor-widget-divider\" data-id=\"4a697b0\" data-element_type=\"widget\" data-e-type=\"widget\" data-widget_type=\"divider.default\">\n\t\t\t\t<div class=\"elementor-widget-container\">\n\t\t\t\t\t\t\t<div class=\"elementor-divider\">\n\t\t\t<span class=\"elementor-divider-separator\">\n\t\t\t\t\t\t<\/span>\n\t\t<\/div>\n\t\t\t\t\t\t<\/div>\n\t\t\t\t<\/div>\n\t\t\t\t\t<\/div>\n\t\t<\/div>\n\t\t\t\t<div class=\"elementor-column elementor-col-33 elementor-top-column elementor-element elementor-element-9d97a35\" data-id=\"9d97a35\" data-element_type=\"column\" data-e-type=\"column\">\n\t\t\t<div class=\"elementor-widget-wrap elementor-element-populated\">\n\t\t\t\t\t\t<div class=\"elementor-element elementor-element-81efcfd elementor-widget elementor-widget-image\" data-id=\"81efcfd\" data-element_type=\"widget\" data-e-type=\"widget\" data-widget_type=\"image.default\">\n\t\t\t\t<div class=\"elementor-widget-container\">\n\t\t\t\t\t\t\t\t\t\t\t\t\t\t\t\t<a href=\"https:\/\/ipcentras.lt\/en\/kibirksciu-sistemos-valdikliai\/\">\n\t\t\t\t\t\t\t<img decoding=\"async\" width=\"1024\" height=\"683\" src=\"https:\/\/ipcentras.lt\/wp-content\/uploads\/2022\/12\/3.2.-Sistemos-komponentai-valdikliai-1024x683.jpg\" class=\"attachment-large size-large wp-image-5342\" alt=\"\" srcset=\"https:\/\/ipcentras.lt\/wp-content\/uploads\/2022\/12\/3.2.-Sistemos-komponentai-valdikliai-1024x683.jpg 1024w, https:\/\/ipcentras.lt\/wp-content\/uploads\/2022\/12\/3.2.-Sistemos-komponentai-valdikliai-300x200.jpg 300w, https:\/\/ipcentras.lt\/wp-content\/uploads\/2022\/12\/3.2.-Sistemos-komponentai-valdikliai-768x512.jpg 768w, https:\/\/ipcentras.lt\/wp-content\/uploads\/2022\/12\/3.2.-Sistemos-komponentai-valdikliai-1536x1024.jpg 1536w, https:\/\/ipcentras.lt\/wp-content\/uploads\/2022\/12\/3.2.-Sistemos-komponentai-valdikliai-18x12.jpg 18w\" sizes=\"(max-width: 1024px) 100vw, 1024px\" \/>\t\t\t\t\t\t\t\t<\/a>\n\t\t\t\t\t\t\t\t\t\t\t\t\t\t\t<\/div>\n\t\t\t\t<\/div>\n\t\t\t\t<div class=\"elementor-element elementor-element-a722cb7 elementor-widget elementor-widget-heading\" data-id=\"a722cb7\" data-element_type=\"widget\" data-e-type=\"widget\" data-widget_type=\"heading.default\">\n\t\t\t\t<div class=\"elementor-widget-container\">\n\t\t\t\t\t<h2 class=\"elementor-heading-title elementor-size-default\"><a href=\"https:\/\/ipcentras.lt\/en\/kibirksciu-sistemos-valdikliai\/\">Controllers for spark extinguishing system\n<\/a><\/h2>\t\t\t\t<\/div>\n\t\t\t\t<\/div>\n\t\t\t\t<div class=\"elementor-element elementor-element-1cd1586 elementor-hidden-desktop elementor-hidden-tablet elementor-widget-divider--view-line elementor-widget elementor-widget-divider\" data-id=\"1cd1586\" data-element_type=\"widget\" data-e-type=\"widget\" data-widget_type=\"divider.default\">\n\t\t\t\t<div class=\"elementor-widget-container\">\n\t\t\t\t\t\t\t<div class=\"elementor-divider\">\n\t\t\t<span class=\"elementor-divider-separator\">\n\t\t\t\t\t\t<\/span>\n\t\t<\/div>\n\t\t\t\t\t\t<\/div>\n\t\t\t\t<\/div>\n\t\t\t\t\t<\/div>\n\t\t<\/div>\n\t\t\t\t<div class=\"elementor-column elementor-col-33 elementor-top-column elementor-element elementor-element-ba8c673\" data-id=\"ba8c673\" data-element_type=\"column\" data-e-type=\"column\">\n\t\t\t<div class=\"elementor-widget-wrap elementor-element-populated\">\n\t\t\t\t\t\t<div class=\"elementor-element elementor-element-52f45a9 elementor-widget elementor-widget-image\" data-id=\"52f45a9\" data-element_type=\"widget\" data-e-type=\"widget\" data-widget_type=\"image.default\">\n\t\t\t\t<div class=\"elementor-widget-container\">\n\t\t\t\t\t\t\t\t\t\t\t\t\t\t\t\t<a href=\"https:\/\/ipcentras.lt\/en\/kibirksciu-sistemos-davikliai\/\">\n\t\t\t\t\t\t\t<img decoding=\"async\" width=\"1024\" height=\"683\" src=\"https:\/\/ipcentras.lt\/wp-content\/uploads\/2022\/12\/3.3.-Sistemos-komponentai-kibirksciu-davikliai-1024x683.jpg\" class=\"attachment-large size-large wp-image-5367\" alt=\"\" srcset=\"https:\/\/ipcentras.lt\/wp-content\/uploads\/2022\/12\/3.3.-Sistemos-komponentai-kibirksciu-davikliai-1024x683.jpg 1024w, https:\/\/ipcentras.lt\/wp-content\/uploads\/2022\/12\/3.3.-Sistemos-komponentai-kibirksciu-davikliai-300x200.jpg 300w, https:\/\/ipcentras.lt\/wp-content\/uploads\/2022\/12\/3.3.-Sistemos-komponentai-kibirksciu-davikliai-768x512.jpg 768w, https:\/\/ipcentras.lt\/wp-content\/uploads\/2022\/12\/3.3.-Sistemos-komponentai-kibirksciu-davikliai-1536x1024.jpg 1536w, https:\/\/ipcentras.lt\/wp-content\/uploads\/2022\/12\/3.3.-Sistemos-komponentai-kibirksciu-davikliai-18x12.jpg 18w\" sizes=\"(max-width: 1024px) 100vw, 1024px\" \/>\t\t\t\t\t\t\t\t<\/a>\n\t\t\t\t\t\t\t\t\t\t\t\t\t\t\t<\/div>\n\t\t\t\t<\/div>\n\t\t\t\t<div class=\"elementor-element elementor-element-2fca698 elementor-widget elementor-widget-heading\" data-id=\"2fca698\" data-element_type=\"widget\" data-e-type=\"widget\" data-widget_type=\"heading.default\">\n\t\t\t\t<div class=\"elementor-widget-container\">\n\t\t\t\t\t<h2 class=\"elementor-heading-title elementor-size-default\"><a href=\"https:\/\/ipcentras.lt\/en\/kibirksciu-sistemos-davikliai\/\">Detectors for spark extinguishing system\n<\/a><\/h2>\t\t\t\t<\/div>\n\t\t\t\t<\/div>\n\t\t\t\t<div class=\"elementor-element elementor-element-a9e9093 elementor-hidden-desktop elementor-hidden-tablet elementor-widget-divider--view-line elementor-widget elementor-widget-divider\" data-id=\"a9e9093\" data-element_type=\"widget\" data-e-type=\"widget\" data-widget_type=\"divider.default\">\n\t\t\t\t<div class=\"elementor-widget-container\">\n\t\t\t\t\t\t\t<div class=\"elementor-divider\">\n\t\t\t<span class=\"elementor-divider-separator\">\n\t\t\t\t\t\t<\/span>\n\t\t<\/div>\n\t\t\t\t\t\t<\/div>\n\t\t\t\t<\/div>\n\t\t\t\t\t<\/div>\n\t\t<\/div>\n\t\t\t\t\t<\/div>\n\t\t<\/section>\n\t\t\t\t<section class=\"elementor-section elementor-top-section elementor-element elementor-element-d28716d elementor-section-boxed elementor-section-height-default elementor-section-height-default\" data-id=\"d28716d\" data-element_type=\"section\" data-e-type=\"section\">\n\t\t\t\t\t\t<div class=\"elementor-container elementor-column-gap-default\">\n\t\t\t\t\t<div class=\"elementor-column elementor-col-33 elementor-top-column elementor-element elementor-element-c8096b1\" data-id=\"c8096b1\" data-element_type=\"column\" data-e-type=\"column\">\n\t\t\t<div class=\"elementor-widget-wrap elementor-element-populated\">\n\t\t\t\t\t\t<div class=\"elementor-element elementor-element-b0880f5 elementor-widget elementor-widget-image\" data-id=\"b0880f5\" data-element_type=\"widget\" data-e-type=\"widget\" data-widget_type=\"image.default\">\n\t\t\t\t<div class=\"elementor-widget-container\">\n\t\t\t\t\t\t\t\t\t\t\t\t\t\t\t\t<a href=\"https:\/\/ipcentras.lt\/en\/kibirksciu-sistemos-gesinimo-galvutes\/\">\n\t\t\t\t\t\t\t<img loading=\"lazy\" decoding=\"async\" width=\"1024\" height=\"683\" src=\"https:\/\/ipcentras.lt\/wp-content\/uploads\/2022\/12\/3.4.-Sistemos-komponentai-gesinimo-iranga-1024x683.jpg\" class=\"attachment-large size-large wp-image-5398\" alt=\"\" srcset=\"https:\/\/ipcentras.lt\/wp-content\/uploads\/2022\/12\/3.4.-Sistemos-komponentai-gesinimo-iranga-1024x683.jpg 1024w, https:\/\/ipcentras.lt\/wp-content\/uploads\/2022\/12\/3.4.-Sistemos-komponentai-gesinimo-iranga-300x200.jpg 300w, https:\/\/ipcentras.lt\/wp-content\/uploads\/2022\/12\/3.4.-Sistemos-komponentai-gesinimo-iranga-768x512.jpg 768w, https:\/\/ipcentras.lt\/wp-content\/uploads\/2022\/12\/3.4.-Sistemos-komponentai-gesinimo-iranga-1536x1024.jpg 1536w, https:\/\/ipcentras.lt\/wp-content\/uploads\/2022\/12\/3.4.-Sistemos-komponentai-gesinimo-iranga-18x12.jpg 18w\" sizes=\"(max-width: 1024px) 100vw, 1024px\" \/>\t\t\t\t\t\t\t\t<\/a>\n\t\t\t\t\t\t\t\t\t\t\t\t\t\t\t<\/div>\n\t\t\t\t<\/div>\n\t\t\t\t<div class=\"elementor-element elementor-element-6efc482 elementor-widget elementor-widget-heading\" data-id=\"6efc482\" data-element_type=\"widget\" data-e-type=\"widget\" data-widget_type=\"heading.default\">\n\t\t\t\t<div class=\"elementor-widget-container\">\n\t\t\t\t\t<h2 class=\"elementor-heading-title elementor-size-default\"><a href=\"https:\/\/ipcentras.lt\/en\/kibirksciu-sistemos-gesinimo-galvutes\/\">Extinguishers for spark system\n<\/a><\/h2>\t\t\t\t<\/div>\n\t\t\t\t<\/div>\n\t\t\t\t<div class=\"elementor-element elementor-element-f294364 elementor-hidden-desktop elementor-hidden-tablet elementor-widget-divider--view-line elementor-widget elementor-widget-divider\" data-id=\"f294364\" data-element_type=\"widget\" data-e-type=\"widget\" data-widget_type=\"divider.default\">\n\t\t\t\t<div class=\"elementor-widget-container\">\n\t\t\t\t\t\t\t<div class=\"elementor-divider\">\n\t\t\t<span class=\"elementor-divider-separator\">\n\t\t\t\t\t\t<\/span>\n\t\t<\/div>\n\t\t\t\t\t\t<\/div>\n\t\t\t\t<\/div>\n\t\t\t\t\t<\/div>\n\t\t<\/div>\n\t\t\t\t<div class=\"elementor-column elementor-col-33 elementor-top-column elementor-element elementor-element-abf998e\" data-id=\"abf998e\" data-element_type=\"column\" data-e-type=\"column\">\n\t\t\t<div class=\"elementor-widget-wrap elementor-element-populated\">\n\t\t\t\t\t\t<div class=\"elementor-element elementor-element-dabeba3 elementor-widget elementor-widget-image\" data-id=\"dabeba3\" data-element_type=\"widget\" data-e-type=\"widget\" data-widget_type=\"image.default\">\n\t\t\t\t<div class=\"elementor-widget-container\">\n\t\t\t\t\t\t\t\t\t\t\t\t\t\t\t\t<a href=\"https:\/\/ipcentras.lt\/en\/kibirksciu-gesinimo-sistemos-pramoneje\/\">\n\t\t\t\t\t\t\t<img loading=\"lazy\" decoding=\"async\" width=\"1024\" height=\"724\" src=\"https:\/\/ipcentras.lt\/wp-content\/uploads\/2022\/12\/3.5.-Kibirksciu-gesinimo-sistemos-atskirose-pramones-sakose--1024x724.jpg\" class=\"attachment-large size-large wp-image-5423\" alt=\"\" srcset=\"https:\/\/ipcentras.lt\/wp-content\/uploads\/2022\/12\/3.5.-Kibirksciu-gesinimo-sistemos-atskirose-pramones-sakose--1024x724.jpg 1024w, https:\/\/ipcentras.lt\/wp-content\/uploads\/2022\/12\/3.5.-Kibirksciu-gesinimo-sistemos-atskirose-pramones-sakose--300x212.jpg 300w, https:\/\/ipcentras.lt\/wp-content\/uploads\/2022\/12\/3.5.-Kibirksciu-gesinimo-sistemos-atskirose-pramones-sakose--768x543.jpg 768w, https:\/\/ipcentras.lt\/wp-content\/uploads\/2022\/12\/3.5.-Kibirksciu-gesinimo-sistemos-atskirose-pramones-sakose--18x12.jpg 18w, https:\/\/ipcentras.lt\/wp-content\/uploads\/2022\/12\/3.5.-Kibirksciu-gesinimo-sistemos-atskirose-pramones-sakose-.jpg 1190w\" sizes=\"(max-width: 1024px) 100vw, 1024px\" \/>\t\t\t\t\t\t\t\t<\/a>\n\t\t\t\t\t\t\t\t\t\t\t\t\t\t\t<\/div>\n\t\t\t\t<\/div>\n\t\t\t\t<div class=\"elementor-element elementor-element-aa9325b elementor-widget elementor-widget-heading\" data-id=\"aa9325b\" data-element_type=\"widget\" data-e-type=\"widget\" data-widget_type=\"heading.default\">\n\t\t\t\t<div class=\"elementor-widget-container\">\n\t\t\t\t\t<h2 class=\"elementor-heading-title elementor-size-default\"><a href=\"https:\/\/ipcentras.lt\/en\/kibirksciu-gesinimo-sistemos-pramoneje\/\">Spark extinguishing systems for different industries \n<\/a><\/h2>\t\t\t\t<\/div>\n\t\t\t\t<\/div>\n\t\t\t\t<div class=\"elementor-element elementor-element-181d12b elementor-hidden-desktop elementor-hidden-tablet elementor-widget-divider--view-line elementor-widget elementor-widget-divider\" data-id=\"181d12b\" data-element_type=\"widget\" data-e-type=\"widget\" data-widget_type=\"divider.default\">\n\t\t\t\t<div class=\"elementor-widget-container\">\n\t\t\t\t\t\t\t<div class=\"elementor-divider\">\n\t\t\t<span class=\"elementor-divider-separator\">\n\t\t\t\t\t\t<\/span>\n\t\t<\/div>\n\t\t\t\t\t\t<\/div>\n\t\t\t\t<\/div>\n\t\t\t\t\t<\/div>\n\t\t<\/div>\n\t\t\t\t<div class=\"elementor-column elementor-col-33 elementor-top-column elementor-element elementor-element-b707d98\" data-id=\"b707d98\" data-element_type=\"column\" data-e-type=\"column\">\n\t\t\t<div class=\"elementor-widget-wrap elementor-element-populated\">\n\t\t\t\t\t\t<div class=\"elementor-element elementor-element-c4ddffb elementor-widget elementor-widget-image\" data-id=\"c4ddffb\" data-element_type=\"widget\" data-e-type=\"widget\" data-widget_type=\"image.default\">\n\t\t\t\t<div class=\"elementor-widget-container\">\n\t\t\t\t\t\t\t\t\t\t\t\t\t\t\t\t<a href=\"https:\/\/ipcentras.lt\/en\/kibirksciu-gesinimo-sistemos-irengimuose\/\">\n\t\t\t\t\t\t\t<img loading=\"lazy\" decoding=\"async\" width=\"1024\" height=\"724\" src=\"https:\/\/ipcentras.lt\/wp-content\/uploads\/2022\/12\/3.6.-Kibirksciu-gesinimo-sistemos-atskiruose-pramones-irangimuose-1-1024x724.jpg\" class=\"attachment-large size-large wp-image-5457\" alt=\"\" srcset=\"https:\/\/ipcentras.lt\/wp-content\/uploads\/2022\/12\/3.6.-Kibirksciu-gesinimo-sistemos-atskiruose-pramones-irangimuose-1-1024x724.jpg 1024w, https:\/\/ipcentras.lt\/wp-content\/uploads\/2022\/12\/3.6.-Kibirksciu-gesinimo-sistemos-atskiruose-pramones-irangimuose-1-300x212.jpg 300w, https:\/\/ipcentras.lt\/wp-content\/uploads\/2022\/12\/3.6.-Kibirksciu-gesinimo-sistemos-atskiruose-pramones-irangimuose-1-768x543.jpg 768w, https:\/\/ipcentras.lt\/wp-content\/uploads\/2022\/12\/3.6.-Kibirksciu-gesinimo-sistemos-atskiruose-pramones-irangimuose-1-18x12.jpg 18w, https:\/\/ipcentras.lt\/wp-content\/uploads\/2022\/12\/3.6.-Kibirksciu-gesinimo-sistemos-atskiruose-pramones-irangimuose-1.jpg 1190w\" sizes=\"(max-width: 1024px) 100vw, 1024px\" \/>\t\t\t\t\t\t\t\t<\/a>\n\t\t\t\t\t\t\t\t\t\t\t\t\t\t\t<\/div>\n\t\t\t\t<\/div>\n\t\t\t\t<div class=\"elementor-element elementor-element-cc54eb7 elementor-widget elementor-widget-heading\" data-id=\"cc54eb7\" data-element_type=\"widget\" data-e-type=\"widget\" data-widget_type=\"heading.default\">\n\t\t\t\t<div class=\"elementor-widget-container\">\n\t\t\t\t\t<h2 class=\"elementor-heading-title elementor-size-default\"><a href=\"https:\/\/ipcentras.lt\/en\/kibirksciu-gesinimo-sistemos-irengimuose\/\">Spark extinguishing systems for different machines  \n<\/a><\/h2>\t\t\t\t<\/div>\n\t\t\t\t<\/div>\n\t\t\t\t<div class=\"elementor-element elementor-element-dbb12aa elementor-hidden-desktop elementor-hidden-tablet elementor-widget-divider--view-line elementor-widget elementor-widget-divider\" data-id=\"dbb12aa\" data-element_type=\"widget\" data-e-type=\"widget\" data-widget_type=\"divider.default\">\n\t\t\t\t<div class=\"elementor-widget-container\">\n\t\t\t\t\t\t\t<div class=\"elementor-divider\">\n\t\t\t<span class=\"elementor-divider-separator\">\n\t\t\t\t\t\t<\/span>\n\t\t<\/div>\n\t\t\t\t\t\t<\/div>\n\t\t\t\t<\/div>\n\t\t\t\t\t<\/div>\n\t\t<\/div>\n\t\t\t\t\t<\/div>\n\t\t<\/section>\n\t\t\t\t<section class=\"elementor-section elementor-top-section elementor-element elementor-element-872468c elementor-section-boxed elementor-section-height-default elementor-section-height-default\" data-id=\"872468c\" data-element_type=\"section\" data-e-type=\"section\">\n\t\t\t\t\t\t<div class=\"elementor-container elementor-column-gap-default\">\n\t\t\t\t\t<div class=\"elementor-column elementor-col-100 elementor-top-column elementor-element elementor-element-1103dc4\" data-id=\"1103dc4\" data-element_type=\"column\" data-e-type=\"column\">\n\t\t\t<div class=\"elementor-widget-wrap elementor-element-populated\">\n\t\t\t\t\t\t<div class=\"elementor-element elementor-element-bcce8a5 elementor-widget elementor-widget-spacer\" data-id=\"bcce8a5\" data-element_type=\"widget\" data-e-type=\"widget\" data-widget_type=\"spacer.default\">\n\t\t\t\t<div class=\"elementor-widget-container\">\n\t\t\t\t\t\t\t<div class=\"elementor-spacer\">\n\t\t\t<div class=\"elementor-spacer-inner\"><\/div>\n\t\t<\/div>\n\t\t\t\t\t\t<\/div>\n\t\t\t\t<\/div>\n\t\t\t\t\t<\/div>\n\t\t<\/div>\n\t\t\t\t\t<\/div>\n\t\t<\/section>\n\t\t\t\t<\/div>","protected":false},"excerpt":{"rendered":"<p>Gaisr\u0173 ir sprogim\u0173 apsaugos sistemos Produktai \/ Gaisr\u0173 ir sprogim\u0173 apsaugos sistemos \u00a0 Kibirk\u0161\u010di\u0173 gesinimo sistema Kibirk\u0161\u010di\u0173 sistemos valdikliai Kibirk\u0161\u010di\u0173 sistemos davikliai Kibirk\u0161\u010di\u0173 sistemos gesinimo galvut\u0117s Kibirk\u0161\u010di\u0173 gesinimo sistemos pramon\u0117je Kibirk\u0161\u010di\u0173 gesinimo sistemos \u012frengimuose<\/p>","protected":false},"author":1,"featured_media":0,"parent":0,"menu_order":0,"comment_status":"closed","ping_status":"closed","template":"","meta":{"om_disable_all_campaigns":false,"_monsterinsights_skip_tracking":false,"_monsterinsights_sitenote_active":false,"_monsterinsights_sitenote_note":"","_monsterinsights_sitenote_category":0,"_uf_show_specific_survey":0,"_uf_disable_surveys":false,"footnotes":""},"class_list":["post-5497","page","type-page","status-publish","hentry"],"_links":{"self":[{"href":"https:\/\/ipcentras.lt\/en\/wp-json\/wp\/v2\/pages\/5497","targetHints":{"allow":["GET"]}}],"collection":[{"href":"https:\/\/ipcentras.lt\/en\/wp-json\/wp\/v2\/pages"}],"about":[{"href":"https:\/\/ipcentras.lt\/en\/wp-json\/wp\/v2\/types\/page"}],"author":[{"embeddable":true,"href":"https:\/\/ipcentras.lt\/en\/wp-json\/wp\/v2\/users\/1"}],"replies":[{"embeddable":true,"href":"https:\/\/ipcentras.lt\/en\/wp-json\/wp\/v2\/comments?post=5497"}],"version-history":[{"count":127,"href":"https:\/\/ipcentras.lt\/en\/wp-json\/wp\/v2\/pages\/5497\/revisions"}],"predecessor-version":[{"id":17125,"href":"https:\/\/ipcentras.lt\/en\/wp-json\/wp\/v2\/pages\/5497\/revisions\/17125"}],"wp:attachment":[{"href":"https:\/\/ipcentras.lt\/en\/wp-json\/wp\/v2\/media?parent=5497"}],"curies":[{"name":"wp","href":"https:\/\/api.w.org\/{rel}","templated":true}]}}