{"id":4752,"date":"2022-05-18T16:32:45","date_gmt":"2022-05-18T16:32:45","guid":{"rendered":"https:\/\/ipcentras.lt\/?page_id=4752"},"modified":"2023-03-06T16:25:03","modified_gmt":"2023-03-06T16:25:03","slug":"veiklos-sritys","status":"publish","type":"page","link":"https:\/\/ipcentras.lt\/en\/veiklos-sritys\/","title":{"rendered":"Company"},"content":{"rendered":"<div class=\"vc_row wpb_row vc_row-fluid mkd-section vc_custom_1478185288199 mkd-content-aligment-left mkd-grid-section\" style=\"\"><div class=\"clearfix mkd-section-inner\"><div class=\"mkd-section-inner-margin clearfix\"><div class=\"wpb_column vc_column_container vc_col-sm-12\"><div class=\"vc_column-inner\"><div class=\"wpb_wrapper\"><div  class=\"mkd-process-holder columns-5\"><div class=\"mkd-process-holder-inner\">\n<div class=\"mkd-process-item mkd-icon-and-number\">\n\n    <div class=\"mkd-process-item-icon-holder-wrapper\">\n        <div class=\"mkd-process-item-icon-holder-wrapper-inner\">\n            <div class=\"mkd-process-item-icon-holder\">\n            <span class=\"mkd-process-item-background-holder\">\n\n                \n    <span class=\"mkd-icon-shortcode circle\"  >\n        \n            <i class=\"mkd-icon-simple-line-icon  mkd-icon-element\" style=\"\" ><\/i>\n                <\/span>\n\n    \n<span class=\"mkd-process-item-numeration\"><\/span>\n                <span class=\"mkd-process-item-background\">\n                    <span style=\"background-image:url(https:\/\/ipcentras.lt\/wp-content\/uploads\/2022\/04\/image3.jpeg)\"><\/span>\n                <\/span>\n            <\/span>\n            <\/div>\n        <\/div>\n    <\/div><!-- .mkd-process-item-icon-holder-wrapper -->\n\n    <div class=\"mkd-process-item-content-holder\">\n        <div class=\"mkd-process-item-title-holder\">\n            <h5>\n            Wood processing companies        <\/h5>\n    <\/div>\n    <div class=\"mkd-process-item-text-holder\">\n        <p><\/p>\n    <\/div>\n<\/div><!-- .mkd-process-item-content-holder -->\n\n<\/div><!-- .mkd-process-item -->\n<div class=\"mkd-process-item mkd-icon-and-number\">\n\n    <div class=\"mkd-process-item-icon-holder-wrapper\">\n        <div class=\"mkd-process-item-icon-holder-wrapper-inner\">\n            <div class=\"mkd-process-item-icon-holder\">\n            <span class=\"mkd-process-item-background-holder\">\n\n                \n    <span class=\"mkd-icon-shortcode circle\"  >\n        \n            <i class=\"mkd-icon-simple-line-icon  mkd-icon-element\" style=\"\" ><\/i>\n                <\/span>\n\n    \n<span class=\"mkd-process-item-numeration\"><\/span>\n                <span class=\"mkd-process-item-background\">\n                    <span style=\"background-image:url(https:\/\/ipcentras.lt\/wp-content\/uploads\/2022\/04\/image2.jpeg)\"><\/span>\n                <\/span>\n            <\/span>\n            <\/div>\n        <\/div>\n    <\/div><!-- .mkd-process-item-icon-holder-wrapper -->\n\n    <div class=\"mkd-process-item-content-holder\">\n        <div class=\"mkd-process-item-title-holder\">\n            <h5>\n            Printing and packaging manufacturing company        <\/h5>\n    <\/div>\n    <div class=\"mkd-process-item-text-holder\">\n        <p><\/p>\n    <\/div>\n<\/div><!-- .mkd-process-item-content-holder -->\n\n<\/div><!-- .mkd-process-item -->\n<div class=\"mkd-process-item mkd-icon-and-number\">\n\n    <div class=\"mkd-process-item-icon-holder-wrapper\">\n        <div class=\"mkd-process-item-icon-holder-wrapper-inner\">\n            <div class=\"mkd-process-item-icon-holder\">\n            <span class=\"mkd-process-item-background-holder\">\n\n                \n    <span class=\"mkd-icon-shortcode circle\"  >\n        \n            <i class=\"mkd-icon-simple-line-icon  mkd-icon-element\" style=\"\" ><\/i>\n                <\/span>\n\n    \n<span class=\"mkd-process-item-numeration\"><\/span>\n                <span class=\"mkd-process-item-background\">\n                    <span style=\"background-image:url(https:\/\/ipcentras.lt\/wp-content\/uploads\/2022\/04\/image1.jpeg)\"><\/span>\n                <\/span>\n            <\/span>\n            <\/div>\n        <\/div>\n    <\/div><!-- .mkd-process-item-icon-holder-wrapper -->\n\n    <div class=\"mkd-process-item-content-holder\">\n        <div class=\"mkd-process-item-title-holder\">\n            <h5>\n            Metal processing companies        <\/h5>\n    <\/div>\n    <div class=\"mkd-process-item-text-holder\">\n        <p><\/p>\n    <\/div>\n<\/div><!-- .mkd-process-item-content-holder -->\n\n<\/div><!-- .mkd-process-item -->\n<div class=\"mkd-process-item mkd-icon-and-number\">\n\n    <div class=\"mkd-process-item-icon-holder-wrapper\">\n        <div class=\"mkd-process-item-icon-holder-wrapper-inner\">\n            <div class=\"mkd-process-item-icon-holder\">\n            <span class=\"mkd-process-item-background-holder\">\n\n                \n    <span class=\"mkd-icon-shortcode circle\"  >\n        \n            <i class=\"mkd-icon-simple-line-icon  mkd-icon-element\" style=\"\" ><\/i>\n                <\/span>\n\n    \n<span class=\"mkd-process-item-numeration\"><\/span>\n                <span class=\"mkd-process-item-background\">\n                    <span style=\"background-image:url(https:\/\/ipcentras.lt\/wp-content\/uploads\/2022\/04\/image0.jpeg)\"><\/span>\n                <\/span>\n            <\/span>\n            <\/div>\n        <\/div>\n    <\/div><!-- .mkd-process-item-icon-holder-wrapper -->\n\n    <div class=\"mkd-process-item-content-holder\">\n        <div class=\"mkd-process-item-title-holder\">\n            <h5>\n            Waste management companies        <\/h5>\n    <\/div>\n    <div class=\"mkd-process-item-text-holder\">\n        <p><\/p>\n    <\/div>\n<\/div><!-- .mkd-process-item-content-holder -->\n\n<\/div><!-- .mkd-process-item -->\n<div class=\"mkd-process-item mkd-icon-and-number\">\n\n    <div class=\"mkd-process-item-icon-holder-wrapper\">\n        <div class=\"mkd-process-item-icon-holder-wrapper-inner\">\n            <div class=\"mkd-process-item-icon-holder\">\n            <span class=\"mkd-process-item-background-holder\">\n\n                \n<span class=\"mkd-process-item-numeration\"><\/span>\n                <span class=\"mkd-process-item-background\">\n                    <span style=\"background-image:url(https:\/\/ipcentras.lt\/wp-content\/uploads\/2023\/03\/GettyImages-132036129_Hero-1000x715-1.jpeg)\"><\/span>\n                <\/span>\n            <\/span>\n            <\/div>\n        <\/div>\n    <\/div><!-- .mkd-process-item-icon-holder-wrapper -->\n\n    <div class=\"mkd-process-item-content-holder\">\n        <div class=\"mkd-process-item-title-holder\">\n            <h5>\n            Plastic recycling companies        <\/h5>\n    <\/div>\n    <div class=\"mkd-process-item-text-holder\">\n        <p><\/p>\n    <\/div>\n<\/div><!-- .mkd-process-item-content-holder -->\n\n<\/div><!-- .mkd-process-item --><\/div><\/div><\/div><\/div><\/div><\/div><\/div><\/div>","protected":false},"excerpt":{"rendered":"Medienos apdorojimo \u012fmon\u0117s Spaustuv\u0117s ir pakuot\u0117s gamybos \u012fmon\u0117s Metalo apdirbimo \u012fmon\u0117s Atliek\u0173 tvarkymo \u012fmon\u0117s Plastiko perdirbimo \u012fmon\u0117s","protected":false},"author":1,"featured_media":0,"parent":0,"menu_order":0,"comment_status":"closed","ping_status":"closed","template":"","meta":{"om_disable_all_campaigns":false,"_monsterinsights_skip_tracking":false,"_monsterinsights_sitenote_active":false,"_monsterinsights_sitenote_note":"","_monsterinsights_sitenote_category":0,"_uf_show_specific_survey":0,"_uf_disable_surveys":false,"footnotes":""},"class_list":["post-4752","page","type-page","status-publish","hentry"],"_links":{"self":[{"href":"https:\/\/ipcentras.lt\/en\/wp-json\/wp\/v2\/pages\/4752","targetHints":{"allow":["GET"]}}],"collection":[{"href":"https:\/\/ipcentras.lt\/en\/wp-json\/wp\/v2\/pages"}],"about":[{"href":"https:\/\/ipcentras.lt\/en\/wp-json\/wp\/v2\/types\/page"}],"author":[{"embeddable":true,"href":"https:\/\/ipcentras.lt\/en\/wp-json\/wp\/v2\/users\/1"}],"replies":[{"embeddable":true,"href":"https:\/\/ipcentras.lt\/en\/wp-json\/wp\/v2\/comments?post=4752"}],"version-history":[{"count":5,"href":"https:\/\/ipcentras.lt\/en\/wp-json\/wp\/v2\/pages\/4752\/revisions"}],"predecessor-version":[{"id":10357,"href":"https:\/\/ipcentras.lt\/en\/wp-json\/wp\/v2\/pages\/4752\/revisions\/10357"}],"wp:attachment":[{"href":"https:\/\/ipcentras.lt\/en\/wp-json\/wp\/v2\/media?parent=4752"}],"curies":[{"name":"wp","href":"https:\/\/api.w.org\/{rel}","templated":true}]}}